{"id":211958,"date":"2018-02-25T11:20:45","date_gmt":"2018-02-25T10:20:45","guid":{"rendered":"https:\/\/www.vibia.com\/politica-de-privacidad\/"},"modified":"2019-10-16T09:23:00","modified_gmt":"2019-10-16T08:23:00","slug":"politica-sulla-privacy","status":"publish","type":"page","link":"https:\/\/vibiatest.com\/it\/politica-sulla-privacy\/","title":{"rendered":"Politica sulla Privacy"},"content":{"rendered":"<div class=\"fusion-fullwidth fullwidth-box fusion-builder-row-1 fusion-flex-container about-w10 perfil-salmo nonhundred-percent-fullwidth non-hundred-percent-height-scrolling\" style=\"background-color: #ffffff;background-position: center center;background-repeat: no-repeat;border-width: 0px 0px 0px 0px;border-color:#ffffff;border-style:solid;\" ><div class=\"fusion-builder-row fusion-row fusion-flex-align-items-flex-start\" style=\"max-width:1838.72px;margin-left: calc(-4% \/ 2 );margin-right: calc(-4% \/ 2 );\"><div class=\"fusion-layout-column fusion_builder_column fusion-builder-column-0 fusion_builder_column_2_3 2_3 fusion-flex-column\"><div class=\"fusion-column-wrapper fusion-flex-justify-content-flex-start fusion-content-layout-column\" style=\"background-position:left top;background-repeat:no-repeat;-webkit-background-size:cover;-moz-background-size:cover;-o-background-size:cover;background-size:cover;padding: 0px 0px 0px 0px;\"><style type=\"text\/css\">@media only screen and (max-width:1024px) {.fusion-title.fusion-title-1{margin-top:0px!important; margin-right:0px!important;margin-bottom:20px!important;margin-left:0px!important;}}@media only screen and (max-width:768px) {.fusion-title.fusion-title-1{margin-top:0px!important; margin-right:0px!important;margin-bottom:20px!important; margin-left:0px!important;}}<\/style><div class=\"fusion-title title fusion-title-1 fusion-sep-none fusion-title-text fusion-title-size-two\" style=\"margin-top:0px;margin-right:0px;margin-bottom:20px;margin-left:0px;\"><h2 class=\"title-heading-left fusion-responsive-typography-calculated\" style=\"margin:0;--fontSize:35;line-height:1.3;\">Informazioni generali sulla protezione dei dati:<\/h2><\/div>\n<div class=\"table-2\">\n<table width=\"100%\">\n<tbody>\n<tr style=\"border-bottom: 2px solid #DBA89B!important;\">\n<td class=\"columna-privacidad\" align=\"left\"><strong>Responsabile<\/strong><\/td>\n<td align=\"left\">VIBIA LIGHTING, Ltd.<\/td>\n<td align=\"left\"><a href=\"#author\">+info<\/a><\/td>\n<\/tr>\n<tr style=\"border-bottom: 2px solid #DBA89B!important;\">\n<td class=\"columna-privacidad\" align=\"left\"><strong>Scopi<\/strong><\/td>\n<td align=\"left\">Gestire la registrazione sulla piattaforma VIBIA<\/td>\n<td align=\"left\"><a href=\"#purpose\">+info<\/a><\/td>\n<\/tr>\n<tr style=\"border-bottom: 2px solid #DBA89B!important;\">\n<td class=\"columna-privacidad\" align=\"left\"><strong>Legittimazione<\/strong><\/td>\n<td align=\"left\">Consenso dell&#8217;interessato<\/td>\n<td align=\"left\"><a href=\"#legitimating\">+info<\/a><\/td>\n<\/tr>\n<tr style=\"border-bottom: 2px solid #DBA89B!important;\">\n<td class=\"columna-privacidad\" align=\"left\"><strong>Destinatari<\/strong><\/td>\n<td align=\"left\">Incaricati del trattamento al di fuori dell&#8217;UE, coperti dal \u201cPrivacy Shield\u201d<\/td>\n<td align=\"left\"><a href=\"#recipients\">+info<\/a><\/td>\n<\/tr>\n<tr style=\"border-bottom: 2px solid #DBA89B!important;\">\n<td class=\"columna-privacidad\" align=\"left\"><strong>Diritti<\/strong><\/td>\n<td align=\"left\">L&#8217;utente pu\u00f2 esercitare i diritti di accesso, rettifica, cancellazione, opposizione, portabilit\u00e0 e limitazione del trattamento, nonch\u00e9 altri diritti, come spiegato in Ulteriori informazioni.<\/td>\n<td align=\"left\"><a href=\"#rights\">+info<\/a><\/td>\n<\/tr>\n<tr style=\"border-bottom: 2px solid #DBA89B!important;\">\n<td class=\"columna-privacidad\" align=\"left\"><strong>Origine<\/strong><\/td>\n<td align=\"left\">In caso di registrazione o accesso tramite i social network Facebook o Linkedin, i dati personali necessari per la registrazione saranno forniti da queste piattaforme.<\/td>\n<td align=\"left\"><a href=\"#source\">+info<\/a><\/td>\n<\/tr>\n<tr style=\"border-bottom: 2px solid #DBA89B!important;\">\n<td class=\"columna-privacidad\" align=\"left\"><strong>Ulteriori informazioni <\/strong><\/td>\n<td align=\"left\">Informazioni pi\u00f9 dettagliate sulla protezione dei dati sono disponibili sul nostro sito: https:\/\/vibia.com\/it\/politica-sulla-privacy<\/td>\n<td align=\"left\"><a href=\"#info\">+info<\/a><\/td>\n<\/tr>\n<\/tbody>\n<\/table>\n<\/div>\n<\/div><style type=\"text\/css\">.fusion-body .fusion-builder-column-0{width:66.666666666667% !important;margin-top : 20px;margin-bottom : 20px;}.fusion-builder-column-0 > .fusion-column-wrapper {padding-top : 0px !important;padding-right : 0px !important;margin-right : 2.88%;padding-bottom : 0px !important;padding-left : 0px !important;margin-left : 2.88%;}@media only screen and (max-width:1024px) {.fusion-body .fusion-builder-column-0{width:100% !important;}.fusion-builder-column-0 > .fusion-column-wrapper {margin-right : 1.92%;margin-left : 1.92%;}}@media only screen and (max-width:768px) {.fusion-body .fusion-builder-column-0{width:100% !important;}.fusion-builder-column-0 > .fusion-column-wrapper {margin-right : 1.92%;margin-left : 1.92%;}}<\/style><\/div><div class=\"fusion-layout-column fusion_builder_column fusion-builder-column-1 fusion_builder_column_2_3 2_3 fusion-flex-column\"><div class=\"fusion-column-wrapper fusion-flex-justify-content-flex-start fusion-content-layout-column\" style=\"background-position:left top;background-repeat:no-repeat;-webkit-background-size:cover;-moz-background-size:cover;-o-background-size:cover;background-size:cover;padding: 0px 0px 0px 0px;\"><div class=\"fusion-menu-anchor\" id=\"author\"><\/div><div class=\"fusion-text fusion-text-1\"><h2>Responsabile del trattamento:<\/h2>\n<p>Il responsabile del trattamento dei Suoi dati personali \u00e8 la nostra impresa:<\/p>\n<ul>\n<li>&#8211; Nome dell\u2019azienda: VIBIA LIGHTING, Ltd. &#8211; B66241035 (VIBIA)<\/li>\n<li>&#8211; Email: <a href=\"mailto:privacy@vibia.com\">privacy@vibia.com<\/a><\/li>\n<li>&#8211; Telefono: (34) 934 796 970<\/li>\n<li>&#8211; Indirizzo: C\/ Progr\u00e9s 4-6, 08850, Gav\u00e0 \u2013 Barcelona &#8211; Spain<\/li>\n<\/ul>\n<\/div><\/div><style type=\"text\/css\">.fusion-body .fusion-builder-column-1{width:66.666666666667% !important;margin-top : 20px;margin-bottom : 20px;}.fusion-builder-column-1 > .fusion-column-wrapper {padding-top : 0px !important;padding-right : 0px !important;margin-right : 2.88%;padding-bottom : 0px !important;padding-left : 0px !important;margin-left : 2.88%;}@media only screen and (max-width:1024px) {.fusion-body .fusion-builder-column-1{width:100% !important;}.fusion-builder-column-1 > .fusion-column-wrapper {margin-right : 1.92%;margin-left : 1.92%;}}@media only screen and (max-width:768px) {.fusion-body .fusion-builder-column-1{width:100% !important;}.fusion-builder-column-1 > .fusion-column-wrapper {margin-right : 1.92%;margin-left : 1.92%;}}<\/style><\/div><div class=\"fusion-layout-column fusion_builder_column fusion-builder-column-2 fusion_builder_column_2_3 2_3 fusion-flex-column\"><div class=\"fusion-column-wrapper fusion-flex-justify-content-flex-start fusion-content-layout-column\" style=\"background-position:left top;background-repeat:no-repeat;-webkit-background-size:cover;-moz-background-size:cover;-o-background-size:cover;background-size:cover;padding: 0px 0px 0px 0px;\"><div class=\"fusion-menu-anchor\" id=\"purpose\"><\/div><div class=\"fusion-text fusion-text-2\"><h2>Scopo del trattamento:<\/h2>\n<p>La informiamo che i dati ricevuti saranno trattati al fine di gestire la Sua registrazione alla piattaforma VIBIA. Ci\u00f2 Le permetter\u00e0 di avere un account con cui, tra le altre cose, scaricare informazioni su prodotti e progetti, nonch\u00e9 utilizzare il software per creare design di prodotti e spazi.<\/p>\n<p>Nel caso ci fornisca il Suo consenso a inviarLe comunicazioni commerciali o newsletter, elaboreremo un Suo &#8220;profilo commerciale&#8221; a partire dalle informazioni ricevute allo scopo di poterLe offrire prodotti e servizi adeguati ai Suoi interessi. Nessun tipo di decisione automatica sar\u00e0 assunta sulla base di questo profilo.<\/p>\n<p>Qualsiasi altra finalit\u00e0 Le sar\u00e0 comunicata prima di procedere al trattamento dei Suoi dati.<\/p>\n<p>I dati personali ricevuti saranno conservati per il tempo strettamente necessario alle finalit\u00e0 del trattamento, fatta salva la loro conservazione per essere messi a disposizione delle autorit\u00e0 competenti e per far fronte a eventuali reclami. In questo caso i dati saranno conservati fino al termine del periodo di prescrizione, dopodich\u00e9 saranno cancellati.<\/p>\n<p>Nel caso del servizio di newsletter, il trattamento cessa quando l&#8217;utente non abbia aperto alcuna nuova comunicazione per un periodo di 10 anni.<\/p>\n<\/div><\/div><style type=\"text\/css\">.fusion-body .fusion-builder-column-2{width:66.666666666667% !important;margin-top : 20px;margin-bottom : 20px;}.fusion-builder-column-2 > .fusion-column-wrapper {padding-top : 0px !important;padding-right : 0px !important;margin-right : 2.88%;padding-bottom : 0px !important;padding-left : 0px !important;margin-left : 2.88%;}@media only screen and (max-width:1024px) {.fusion-body .fusion-builder-column-2{width:100% !important;}.fusion-builder-column-2 > .fusion-column-wrapper {margin-right : 1.92%;margin-left : 1.92%;}}@media only screen and (max-width:768px) {.fusion-body .fusion-builder-column-2{width:100% !important;}.fusion-builder-column-2 > .fusion-column-wrapper {margin-right : 1.92%;margin-left : 1.92%;}}<\/style><\/div><div class=\"fusion-layout-column fusion_builder_column fusion-builder-column-3 fusion_builder_column_2_3 2_3 fusion-flex-column\"><div class=\"fusion-column-wrapper fusion-flex-justify-content-flex-start fusion-content-layout-column\" style=\"background-position:left top;background-repeat:no-repeat;-webkit-background-size:cover;-moz-background-size:cover;-o-background-size:cover;background-size:cover;padding: 0px 0px 0px 0px;\"><div class=\"fusion-menu-anchor\" id=\"legitimating\"><\/div><div class=\"fusion-text fusion-text-3\"><h2>Legittimazione del trattamento:<\/h2>\n<p>La base giuridica per il trattamento dei Suoi dati personali \u00e8 il consenso.<\/p>\n<p>Nel caso in cui ci fornisca anche il Suo consenso tramite l&#8217;apposita casella aggiuntiva, Le invieremo comunicazioni commerciali ed effettueremo i trattamenti connessi all\u2019estensione del consenso e per le finalit\u00e0 previste. Pu\u00f2 revocare in qualsiasi momento il consenso a ricevere comunicazioni commerciali, cliccando sul link incluso a questo scopo in ciascuna delle comunicazioni stesse o manifestandoci via mail la Sua volont\u00e0 di revocare tale consenso.<\/p>\n<p>La revoca di quest&#8217;ultimo consenso non condizioner\u00e0 in nessun caso lo sviluppo del trattamento principale.<\/p>\n<\/div><\/div><style type=\"text\/css\">.fusion-body .fusion-builder-column-3{width:66.666666666667% !important;margin-top : 20px;margin-bottom : 20px;}.fusion-builder-column-3 > .fusion-column-wrapper {padding-top : 0px !important;padding-right : 0px !important;margin-right : 2.88%;padding-bottom : 0px !important;padding-left : 0px !important;margin-left : 2.88%;}@media only screen and (max-width:1024px) {.fusion-body .fusion-builder-column-3{width:100% !important;}.fusion-builder-column-3 > .fusion-column-wrapper {margin-right : 1.92%;margin-left : 1.92%;}}@media only screen and (max-width:768px) {.fusion-body .fusion-builder-column-3{width:100% !important;}.fusion-builder-column-3 > .fusion-column-wrapper {margin-right : 1.92%;margin-left : 1.92%;}}<\/style><\/div><div class=\"fusion-layout-column fusion_builder_column fusion-builder-column-4 fusion_builder_column_2_3 2_3 fusion-flex-column\"><div class=\"fusion-column-wrapper fusion-flex-justify-content-flex-start fusion-content-layout-column\" style=\"background-position:left top;background-repeat:no-repeat;-webkit-background-size:cover;-moz-background-size:cover;-o-background-size:cover;background-size:cover;padding: 0px 0px 0px 0px;\"><div class=\"fusion-menu-anchor\" id=\"recipients\"><\/div><div class=\"fusion-text fusion-text-4\"><h2>Destinatari:<\/h2>\n<p>I Suoi dati non saranno venduti, affittati o messi a disposizione di terzi. In alcuni casi, l&#8217;accesso ai Suoi dati sar\u00e0 consentito ad alcuni fornitori che prestano servizi alla nostra azienda come l&#8217;invio di newsletter. Questi fornitori per\u00f2 non tratteranno in nessun caso i dati per le proprie finalit\u00e0. Pu\u00f2 richiederci l&#8217;elenco completo delle aziende che possono avere accesso ai Suoi dati in qualit\u00e0 di responsabili del trattamento scrivendoci all&#8217;indirizzo <a href=\"mailto:privacy@vibia.com\">privacy@vibia.com<\/a>.<\/p>\n<p>Nel caso in cui uno dei nostri fornitori di servizi tratti i dati personali in un paese terzo, la nostra azienda applicher\u00e0 tutte le misure e i controlli a sua disposizione per proteggere i Suoi dati personali. Le principali misure adottate dalla nostra azienda in occasione di un trasferimento internazionale di dati personali sono la firma di clausole contrattuali standard approvate dalla Commissione europea, l&#8217;adesione ad accordi internazionali, come il Privacy Shield, e la richiesta di certificazioni o codici di condotta approvati e riconosciuti. L&#8217;elenco dei fornitori che trattano i dati in un paese terzo pu\u00f2 essere richiesto all&#8217;indirizzo <a href=\"mailto:privacy@vibia.com\">privacy@vibia.com<\/a><\/p>\n<p>Di seguito \u00e8 riportato un elenco delle categorie di fornitori che possono avere accesso ai Suoi dati allo scopo di procedere alla fornitura del servizio:<\/p>\n<ul>\n<li>&#8211; Emailing<\/li>\n<li>&#8211; Hosting<\/li>\n<li>&#8211; Advertizing platforms<\/li>\n<\/ul>\n<\/div><\/div><style type=\"text\/css\">.fusion-body .fusion-builder-column-4{width:66.666666666667% !important;margin-top : 20px;margin-bottom : 20px;}.fusion-builder-column-4 > .fusion-column-wrapper {padding-top : 0px !important;padding-right : 0px !important;margin-right : 2.88%;padding-bottom : 0px !important;padding-left : 0px !important;margin-left : 2.88%;}@media only screen and (max-width:1024px) {.fusion-body .fusion-builder-column-4{width:100% !important;}.fusion-builder-column-4 > .fusion-column-wrapper {margin-right : 1.92%;margin-left : 1.92%;}}@media only screen and (max-width:768px) {.fusion-body .fusion-builder-column-4{width:100% !important;}.fusion-builder-column-4 > .fusion-column-wrapper {margin-right : 1.92%;margin-left : 1.92%;}}<\/style><\/div><div class=\"fusion-layout-column fusion_builder_column fusion-builder-column-5 fusion_builder_column_2_3 2_3 fusion-flex-column\"><div class=\"fusion-column-wrapper fusion-flex-justify-content-flex-start fusion-content-layout-column\" style=\"background-position:left top;background-repeat:no-repeat;-webkit-background-size:cover;-moz-background-size:cover;-o-background-size:cover;background-size:cover;padding: 0px 0px 0px 0px;\"><div class=\"fusion-menu-anchor\" id=\"rights\"><\/div><div class=\"fusion-text fusion-text-5\"><h2>Diritti:<\/h2>\n<p>La legislazione vigente Le conferisce i seguenti diritti:<\/p>\n<ul>\n<li><strong>&#8211; Diritto di accesso:<\/strong> l&#8217;utente ha il diritto di conoscere quali dei suoi dati personali sono oggetto di trattamento da parte nostra.<\/li>\n<li><strong>&#8211; Diritto di rettifica:<\/strong> l&#8217;utente ha il diritto di rettificare o completare i dati inesatti o incompleti.<\/li>\n<li><strong>&#8211; Diritto di cancellazione:<\/strong> l\u2019utente pu\u00f2 richiedere la cancellazione dei suoi dati personali dai nostri sistemi e archivi.<\/li>\n<li><strong>&#8211; Diritto di opposizione:<\/strong> l\u2019utente pu\u00f2 opporsi al trattamento dei suoi dati in relazione ad azioni di marketing diretto; o anche per motivi personali, a meno che il motivo del trattamento non sia il legittimo interesse.<\/li>\n<li><strong>&#8211; Diritto alla limitazione del trattamento:<\/strong> l&#8217;utente pu\u00f2 richiedere la limitazione del trattamento se ne contesta l\u2019accuratezza o qualora questo sia illegale e l\u2019utente si opponga alla cancellazione dei suoi dati personali e richieda invece la limitazione del loro utilizzo. Pu\u00f2 richiederla anche nel caso in cui i dati non siano pi\u00f9 necessari al trattamento, ma servano all\u2019utente per la formulazione, l\u2019esercizio o la difesa dei reclami. Infine, l\u2019utente pu\u00f2 richiedere la limitazione del trattamento nel caso in cui si opponga al trattamento stesso, mentre si verifica se l&#8217;interesse legittimo del responsabile del trattamento prevale su quello dell&#8217;interessato.<\/li>\n<li><strong>&#8211; Diritto alla portabilit\u00e0 dei propri dati:<\/strong> l\u2019utente ha il diritto di ottenere una copia di tutti i dati forniti e, ove tecnicamente possibile, ha il diritto di chiedere che i suoi dati personali siano comunicati a un altro responsabile del trattamento.<\/li>\n<\/ul>\n<p>Potr\u00e0 esercitare tali diritti gratuitamente, cos\u00ec come revocare in qualsiasi momento il consenso prestato, contattando la nostra azienda attraverso uno dei seguenti mezzi e allegando una copia di un documento d\u2019identit\u00e0:<\/p>\n<ol>\n<li>Posta elettronica, scrivendo all&#8217;indirizzo <a href=\"mailto:privacy@vibia.com\">privacy@vibia.com<\/a><\/li>\n<li>Posta ordinaria, scrivendo al Comit\u00e9 de Protecci\u00f3n de Datos y Seguridad de la informaci\u00f3n de VIBIA LIGHTING, S.L., all\u2019indirizzo C\/ Progr\u00e9s 4-6, 08850, Gav\u00e0, Barcellona (Barcellona).<\/li>\n<\/ol>\n<p>Nel caso voglia effettuare una richiesta o un suggerimento in merito al trattamento dei Suoi dati personali, potr\u00e0 rivolgerSi anche agli indirizzi indicati per l&#8217;esercizio dei diritti.<\/p>\n<p>Ha anche il diritto di presentare un reclamo all&#8217;Agenzia spagnola per la protezione dei dati (AEPD), l&#8217;autorit\u00e0 competente in Spagna per la protezione dei dati, se ritiene che i Suoi dati non siano stati trattati correttamente.<\/p>\n<\/div><\/div><style type=\"text\/css\">.fusion-body .fusion-builder-column-5{width:66.666666666667% !important;margin-top : 20px;margin-bottom : 20px;}.fusion-builder-column-5 > .fusion-column-wrapper {padding-top : 0px !important;padding-right : 0px !important;margin-right : 2.88%;padding-bottom : 0px !important;padding-left : 0px !important;margin-left : 2.88%;}@media only screen and (max-width:1024px) {.fusion-body .fusion-builder-column-5{width:100% !important;}.fusion-builder-column-5 > .fusion-column-wrapper {margin-right : 1.92%;margin-left : 1.92%;}}@media only screen and (max-width:768px) {.fusion-body .fusion-builder-column-5{width:100% !important;}.fusion-builder-column-5 > .fusion-column-wrapper {margin-right : 1.92%;margin-left : 1.92%;}}<\/style><\/div><div class=\"fusion-layout-column fusion_builder_column fusion-builder-column-6 fusion_builder_column_2_3 2_3 fusion-flex-column\"><div class=\"fusion-column-wrapper fusion-flex-justify-content-flex-start fusion-content-layout-column\" style=\"background-position:left top;background-repeat:no-repeat;-webkit-background-size:cover;-moz-background-size:cover;-o-background-size:cover;background-size:cover;padding: 0px 0px 0px 0px;\"><div class=\"fusion-menu-anchor\" id=\"source\"><\/div><div class=\"fusion-text fusion-text-6\"><h2>Origine dei dati:<\/h2>\n<p>La informiamo che, in caso di registrazione tramite l&#8217;opzione &#8220;Registrazione Social&#8221;, i dati necessari al trattamento saranno ottenuti da un&#8217;altra azienda. A seconda del metodo di registrazione selezionato, i Suoi dati saranno forniti da una delle seguenti aziende:<\/p>\n<ul>\n<li>&#8211; Facebook Ireland, Ltd. (Facebook)<\/li>\n<li>&#8211; Linkedin Ireland Unlimited Company (Linkedin)<\/li>\n<\/ul>\n<p>Le categorie di dati<\/p>\n<ul>\n<li>&#8211; Dati identificativi<\/li>\n<li>&#8211; Dati di contatto<\/li>\n<\/ul>\n<p>Non saranno trattati dati specificamente protetti.<\/p>\n<\/div><\/div><style type=\"text\/css\">.fusion-body .fusion-builder-column-6{width:66.666666666667% !important;margin-top : 20px;margin-bottom : 20px;}.fusion-builder-column-6 > .fusion-column-wrapper {padding-top : 0px !important;padding-right : 0px !important;margin-right : 2.88%;padding-bottom : 0px !important;padding-left : 0px !important;margin-left : 2.88%;}@media only screen and (max-width:1024px) {.fusion-body .fusion-builder-column-6{width:100% !important;}.fusion-builder-column-6 > .fusion-column-wrapper {margin-right : 1.92%;margin-left : 1.92%;}}@media only screen and (max-width:768px) {.fusion-body .fusion-builder-column-6{width:100% !important;}.fusion-builder-column-6 > .fusion-column-wrapper {margin-right : 1.92%;margin-left : 1.92%;}}<\/style><\/div><div class=\"fusion-layout-column fusion_builder_column fusion-builder-column-7 fusion_builder_column_2_3 2_3 fusion-flex-column\"><div class=\"fusion-column-wrapper fusion-flex-justify-content-flex-start fusion-content-layout-column\" style=\"background-position:left top;background-repeat:no-repeat;-webkit-background-size:cover;-moz-background-size:cover;-o-background-size:cover;background-size:cover;padding: 0px 0px 0px 0px;\"><div class=\"fusion-menu-anchor\" id=\"info\"><\/div><div class=\"fusion-text fusion-text-7\"><h2>Riservatezza e sicurezza nel trattamento dei dati<\/h2>\n<p>La nostra azienda tratter\u00e0 i dati ricevuti con la massima riservatezza e discrezione. Useremo tutti i mezzi tecnici e organizzativi a nostra disposizione per impedire la perdita, l&#8217;uso improprio, l&#8217;alterazione, l&#8217;accesso non autorizzato o la copia dei dati ricevuti.<\/p>\n<\/div><\/div><style type=\"text\/css\">.fusion-body .fusion-builder-column-7{width:66.666666666667% !important;margin-top : 20px;margin-bottom : 20px;}.fusion-builder-column-7 > .fusion-column-wrapper {padding-top : 0px !important;padding-right : 0px !important;margin-right : 3.84%;padding-bottom : 0px !important;padding-left : 0px !important;margin-left : 2.88%;}@media only screen and (max-width:1024px) {.fusion-body .fusion-builder-column-7{width:100% !important;}.fusion-builder-column-7 > .fusion-column-wrapper {margin-right : 1.92%;margin-left : 1.92%;}}@media only screen and (max-width:768px) {.fusion-body .fusion-builder-column-7{width:100% !important;}.fusion-builder-column-7 > .fusion-column-wrapper {margin-right : 1.92%;margin-left : 1.92%;}}<\/style><\/div><\/div><style type=\"text\/css\">.fusion-body .fusion-flex-container.fusion-builder-row-1{ padding-top : 0px;margin-top : 0px;padding-right : 30px;padding-bottom : 60px;margin-bottom : 0px;padding-left : 30px;}<\/style><\/div>\n","protected":false},"excerpt":{"rendered":"","protected":false},"author":277279,"featured_media":0,"parent":0,"menu_order":0,"comment_status":"closed","ping_status":"closed","template":"","meta":[],"acf":[],"_links":{"self":[{"href":"https:\/\/vibiatest.com\/it\/wp-json\/wp\/v2\/pages\/211958"}],"collection":[{"href":"https:\/\/vibiatest.com\/it\/wp-json\/wp\/v2\/pages"}],"about":[{"href":"https:\/\/vibiatest.com\/it\/wp-json\/wp\/v2\/types\/page"}],"author":[{"embeddable":true,"href":"https:\/\/vibiatest.com\/it\/wp-json\/wp\/v2\/users\/277279"}],"replies":[{"embeddable":true,"href":"https:\/\/vibiatest.com\/it\/wp-json\/wp\/v2\/comments?post=211958"}],"version-history":[{"count":11,"href":"https:\/\/vibiatest.com\/it\/wp-json\/wp\/v2\/pages\/211958\/revisions"}],"predecessor-version":[{"id":233103,"href":"https:\/\/vibiatest.com\/it\/wp-json\/wp\/v2\/pages\/211958\/revisions\/233103"}],"wp:attachment":[{"href":"https:\/\/vibiatest.com\/it\/wp-json\/wp\/v2\/media?parent=211958"}],"curies":[{"name":"wp","href":"https:\/\/api.w.org\/{rel}","templated":true}]}}