{"id":211956,"date":"2018-02-25T11:20:45","date_gmt":"2018-02-25T10:20:45","guid":{"rendered":"https:\/\/www.vibia.com\/politica-de-privacidad\/"},"modified":"2019-10-16T09:22:45","modified_gmt":"2019-10-16T08:22:45","slug":"politique-de-confidentialite","status":"publish","type":"page","link":"https:\/\/vibiatest.com\/fr\/politique-de-confidentialite\/","title":{"rendered":"Politique de confidentialit\u00e9"},"content":{"rendered":"<div class=\"fusion-fullwidth fullwidth-box fusion-builder-row-1 fusion-flex-container about-w10 perfil-salmo nonhundred-percent-fullwidth non-hundred-percent-height-scrolling\" style=\"background-color: #ffffff;background-position: center center;background-repeat: no-repeat;border-width: 0px 0px 0px 0px;border-color:#ffffff;border-style:solid;\" ><div class=\"fusion-builder-row fusion-row fusion-flex-align-items-flex-start\" style=\"max-width:1838.72px;margin-left: calc(-4% \/ 2 );margin-right: calc(-4% \/ 2 );\"><div class=\"fusion-layout-column fusion_builder_column fusion-builder-column-0 fusion_builder_column_2_3 2_3 fusion-flex-column\"><div class=\"fusion-column-wrapper fusion-flex-justify-content-flex-start fusion-content-layout-column\" style=\"background-position:left top;background-repeat:no-repeat;-webkit-background-size:cover;-moz-background-size:cover;-o-background-size:cover;background-size:cover;padding: 0px 0px 0px 0px;\"><style type=\"text\/css\">@media only screen and (max-width:1024px) {.fusion-title.fusion-title-1{margin-top:0px!important; margin-right:0px!important;margin-bottom:20px!important;margin-left:0px!important;}}@media only screen and (max-width:768px) {.fusion-title.fusion-title-1{margin-top:0px!important; margin-right:0px!important;margin-bottom:20px!important; margin-left:0px!important;}}<\/style><div class=\"fusion-title title fusion-title-1 fusion-sep-none fusion-title-text fusion-title-size-two\" style=\"margin-top:0px;margin-right:0px;margin-bottom:20px;margin-left:0px;\"><h2 class=\"title-heading-left fusion-responsive-typography-calculated\" style=\"margin:0;--fontSize:35;line-height:1.3;\">Informations de base sur la protection des donn\u00e9es :<\/h2><\/div>\n<div class=\"table-2\">\n<table width=\"100%\">\n<tbody>\n<tr style=\"border-bottom: 2px solid #DBA89B!important;\">\n<td class=\"columna-privacidad\" align=\"left\"><strong>Responsable<\/strong><\/td>\n<td align=\"left\">VIBIA LIGHTING, Ltd.<\/td>\n<td align=\"left\"><a href=\"#author\">+info<\/a><\/td>\n<\/tr>\n<tr style=\"border-bottom: 2px solid #DBA89B!important;\">\n<td class=\"columna-privacidad\" align=\"left\"><strong>Objectif<\/strong><\/td>\n<td align=\"left\">G\u00e9rer l&rsquo;inscription sur la plateforme de VIBIA<\/td>\n<td align=\"left\"><a href=\"#purpose\">+info<\/a><\/td>\n<\/tr>\n<tr style=\"border-bottom: 2px solid #DBA89B!important;\">\n<td class=\"columna-privacidad\" align=\"left\"><strong>L\u00e9gitimation<\/strong><\/td>\n<td align=\"left\">Consentement de la personne concern\u00e9e<\/td>\n<td align=\"left\"><a href=\"#legitimating\">+info<\/a><\/td>\n<\/tr>\n<tr style=\"border-bottom: 2px solid #DBA89B!important;\">\n<td class=\"columna-privacidad\" align=\"left\"><strong>Destinataires<\/strong><\/td>\n<td align=\"left\">Gestionnaires de traitement non ressortissants de l&rsquo;UE, qui adh\u00e8rent au Bouclier de protection des donn\u00e9es, dit \u00ab\u00a0Privacy Shield\u00a0\u00bb<\/td>\n<td align=\"left\"><a href=\"#recipients\">+info<\/a><\/td>\n<\/tr>\n<tr style=\"border-bottom: 2px solid #DBA89B!important;\">\n<td class=\"columna-privacidad\" align=\"left\"><strong>Droits<\/strong><\/td>\n<td align=\"left\">Vous pouvez exercer vos droits d&rsquo;acc\u00e8s, de rectification, de suppression, d&rsquo;opposition, de portabilit\u00e9 et de limitation du traitement, ainsi que d&rsquo;autres droits, comme expliqu\u00e9 dans les informations compl\u00e9mentaires.<\/td>\n<td align=\"left\"><a href=\"#rights\">+info<\/a><\/td>\n<\/tr>\n<tr style=\"border-bottom: 2px solid #DBA89B!important;\">\n<td class=\"columna-privacidad\" align=\"left\"><strong>Provenance<\/strong><\/td>\n<td align=\"left\">Si vous vous inscrivez ou vous connectez via les r\u00e9seaux sociaux Facebook ou Linkedin, nous vous informons que les donn\u00e9es personnelles n\u00e9cessaires \u00e0 la gestion de l&rsquo;inscription seront obtenues par le biais de ces plateformes.<\/td>\n<td align=\"left\"><a href=\"#source\">+info<\/a><\/td>\n<\/tr>\n<tr style=\"border-bottom: 2px solid #DBA89B!important;\">\n<td class=\"columna-privacidad\" align=\"left\"><strong>Informations compl\u00e9mentaires<\/strong><\/td>\n<td align=\"left\">Vous trouverez de plus amples informations sur la protection des donn\u00e9es sur notre site Internet : https:\/\/vibia.com\/fr\/politique-de-confidentialite<\/td>\n<td align=\"left\"><a href=\"#info\">+info<\/a><\/td>\n<\/tr>\n<\/tbody>\n<\/table>\n<\/div>\n<\/div><style type=\"text\/css\">.fusion-body .fusion-builder-column-0{width:66.666666666667% !important;margin-top : 20px;margin-bottom : 20px;}.fusion-builder-column-0 > .fusion-column-wrapper {padding-top : 0px !important;padding-right : 0px !important;margin-right : 2.88%;padding-bottom : 0px !important;padding-left : 0px !important;margin-left : 2.88%;}@media only screen and (max-width:1024px) {.fusion-body .fusion-builder-column-0{width:100% !important;}.fusion-builder-column-0 > .fusion-column-wrapper {margin-right : 1.92%;margin-left : 1.92%;}}@media only screen and (max-width:768px) {.fusion-body .fusion-builder-column-0{width:100% !important;}.fusion-builder-column-0 > .fusion-column-wrapper {margin-right : 1.92%;margin-left : 1.92%;}}<\/style><\/div><div class=\"fusion-layout-column fusion_builder_column fusion-builder-column-1 fusion_builder_column_2_3 2_3 fusion-flex-column\"><div class=\"fusion-column-wrapper fusion-flex-justify-content-flex-start fusion-content-layout-column\" style=\"background-position:left top;background-repeat:no-repeat;-webkit-background-size:cover;-moz-background-size:cover;-o-background-size:cover;background-size:cover;padding: 0px 0px 0px 0px;\"><div class=\"fusion-menu-anchor\" id=\"author\"><\/div><div class=\"fusion-text fusion-text-1\"><h2>Responsable du traitement :<\/h2>\n<p>Nous sommes responsables du traitement de vos donn\u00e9es personnelles :<\/p>\n<ul>\n<li>&#8211; Nom de l&rsquo;entreprise : VIBIA LIGHTING, Ltd. &#8211; B66241035 (VIBIA)<\/li>\n<li>&#8211; Adresse \u00e9lectronique : <a href=\"mailto:privacy@vibia.com\">privacy@vibia.com<\/a><\/li>\n<li>&#8211; T\u00e9l\u00e9phone : (34) 934 796 970<\/li>\n<li>&#8211; Adresse postale : C\/ Progr\u00e9s 4-6, 08850, Gav\u00e0 \u2013 Barcelona &#8211; Spain<\/li>\n<\/ul>\n<\/div><\/div><style type=\"text\/css\">.fusion-body .fusion-builder-column-1{width:66.666666666667% !important;margin-top : 20px;margin-bottom : 20px;}.fusion-builder-column-1 > .fusion-column-wrapper {padding-top : 0px !important;padding-right : 0px !important;margin-right : 2.88%;padding-bottom : 0px !important;padding-left : 0px !important;margin-left : 2.88%;}@media only screen and (max-width:1024px) {.fusion-body .fusion-builder-column-1{width:100% !important;}.fusion-builder-column-1 > .fusion-column-wrapper {margin-right : 1.92%;margin-left : 1.92%;}}@media only screen and (max-width:768px) {.fusion-body .fusion-builder-column-1{width:100% !important;}.fusion-builder-column-1 > .fusion-column-wrapper {margin-right : 1.92%;margin-left : 1.92%;}}<\/style><\/div><div class=\"fusion-layout-column fusion_builder_column fusion-builder-column-2 fusion_builder_column_2_3 2_3 fusion-flex-column\"><div class=\"fusion-column-wrapper fusion-flex-justify-content-flex-start fusion-content-layout-column\" style=\"background-position:left top;background-repeat:no-repeat;-webkit-background-size:cover;-moz-background-size:cover;-o-background-size:cover;background-size:cover;padding: 0px 0px 0px 0px;\"><div class=\"fusion-menu-anchor\" id=\"purpose\"><\/div><div class=\"fusion-text fusion-text-2\"><h2>Objectif du traitement :<\/h2>\n<p>Nous vous informons que les donn\u00e9es fournies sont trait\u00e9es dans le but de g\u00e9rer votre inscription sur la plate-forme VIBIA, ce qui vous permettra de disposer d&rsquo;un compte utilisateur avec lequel, entre autres choses, il vous sera possible de t\u00e9l\u00e9charger des informations sur des produits et projets, ainsi que de vous servir du logiciel pour la conception de produits et d&rsquo;espaces.<\/p>\n<p>Si vous nous autorisez \u00e0 vous envoyer des communications commerciales ou des lettres d&rsquo;information par le biais de votre consentement, et afin de pouvoir vous offrir des produits et services en fonction de vos int\u00e9r\u00eats, nous \u00e9tablirons un \u00ab\u00a0profil commercial\u00a0\u00bb sur la base des informations fournies. Aucune d\u00e9cision automatis\u00e9e ne sera prise sur la base de ce profil.<\/p>\n<p>Nous vous communiquerons toute autre utilisation avant de proc\u00e9der au traitement de vos donn\u00e9es.<\/p>\n<p>Les donn\u00e9es \u00e0 caract\u00e8re personnel fournies seront conserv\u00e9es pendant le temps strictement n\u00e9cessaire \u00e0 la r\u00e9alisation des objectifs du traitement, sans pr\u00e9judice de leur conservation pour la mise \u00e0 disposition des autorit\u00e9s comp\u00e9tentes et pour r\u00e9pondre aux r\u00e9clamations. Dans ce cas, les donn\u00e9es seront bloqu\u00e9es jusqu&rsquo;\u00e0 la fin du d\u00e9lai de prescription, apr\u00e8s quoi elles seront effac\u00e9es.<\/p>\n<p>En ce qui concerne le service de newsletter, le traitement sera interrompu d\u00e8s que l&rsquo;utilisateur n&rsquo;aura pas ouvert de nouvelle communication dans un d\u00e9lai de 10 ans.<\/p>\n<\/div><\/div><style type=\"text\/css\">.fusion-body .fusion-builder-column-2{width:66.666666666667% !important;margin-top : 20px;margin-bottom : 20px;}.fusion-builder-column-2 > .fusion-column-wrapper {padding-top : 0px !important;padding-right : 0px !important;margin-right : 2.88%;padding-bottom : 0px !important;padding-left : 0px !important;margin-left : 2.88%;}@media only screen and (max-width:1024px) {.fusion-body .fusion-builder-column-2{width:100% !important;}.fusion-builder-column-2 > .fusion-column-wrapper {margin-right : 1.92%;margin-left : 1.92%;}}@media only screen and (max-width:768px) {.fusion-body .fusion-builder-column-2{width:100% !important;}.fusion-builder-column-2 > .fusion-column-wrapper {margin-right : 1.92%;margin-left : 1.92%;}}<\/style><\/div><div class=\"fusion-layout-column fusion_builder_column fusion-builder-column-3 fusion_builder_column_2_3 2_3 fusion-flex-column\"><div class=\"fusion-column-wrapper fusion-flex-justify-content-flex-start fusion-content-layout-column\" style=\"background-position:left top;background-repeat:no-repeat;-webkit-background-size:cover;-moz-background-size:cover;-o-background-size:cover;background-size:cover;padding: 0px 0px 0px 0px;\"><div class=\"fusion-menu-anchor\" id=\"legitimating\"><\/div><div class=\"fusion-text fusion-text-3\"><h2>L\u00e9gitimation du traitement :<\/h2>\n<p>La base l\u00e9gale pour le traitement de vos donn\u00e9es personnelles est le consentement.<\/p>\n<p>D&rsquo;autre part, si vous nous donnez votre consentement \u00e0 l&rsquo;aide de la case suppl\u00e9mentaire correspondante, nous vous enverrons des communications commerciales et nous effectuerons dans ce cas uniquement les traitements en fonction de la port\u00e9e du consentement et des buts notifi\u00e9s. \u00c0 tout moment, vous pouvez r\u00e9voquer votre consentement \u00e0 recevoir des communications commerciales dans chacune des communications, en cliquant sur le lien que nous inclurons \u00e0 cette fin, ou bien en nous transmettant votre volont\u00e9 de r\u00e9voquer ce consentement par courriel.<\/p>\n<p>Le retrait de ce dernier consentement ne conditionnera en aucun cas le d\u00e9veloppement du traitement principal.<\/p>\n<\/div><\/div><style type=\"text\/css\">.fusion-body .fusion-builder-column-3{width:66.666666666667% !important;margin-top : 20px;margin-bottom : 20px;}.fusion-builder-column-3 > .fusion-column-wrapper {padding-top : 0px !important;padding-right : 0px !important;margin-right : 2.88%;padding-bottom : 0px !important;padding-left : 0px !important;margin-left : 2.88%;}@media only screen and (max-width:1024px) {.fusion-body .fusion-builder-column-3{width:100% !important;}.fusion-builder-column-3 > .fusion-column-wrapper {margin-right : 1.92%;margin-left : 1.92%;}}@media only screen and (max-width:768px) {.fusion-body .fusion-builder-column-3{width:100% !important;}.fusion-builder-column-3 > .fusion-column-wrapper {margin-right : 1.92%;margin-left : 1.92%;}}<\/style><\/div><div class=\"fusion-layout-column fusion_builder_column fusion-builder-column-4 fusion_builder_column_2_3 2_3 fusion-flex-column\"><div class=\"fusion-column-wrapper fusion-flex-justify-content-flex-start fusion-content-layout-column\" style=\"background-position:left top;background-repeat:no-repeat;-webkit-background-size:cover;-moz-background-size:cover;-o-background-size:cover;background-size:cover;padding: 0px 0px 0px 0px;\"><div class=\"fusion-menu-anchor\" id=\"recipients\"><\/div><div class=\"fusion-text fusion-text-4\"><h2>Destinataires :<\/h2>\n<p>Vos donn\u00e9es ne seront ni vendues, ni lou\u00e9es, ni mises \u00e0 la disposition de tiers. Dans certains cas, l&rsquo;acc\u00e8s \u00e0 vos donn\u00e9es sera accord\u00e9 \u00e0 certains fournisseurs qui sont des prestataires de services pour notre entreprise, tels que l&rsquo;envoi de newsletters, mais en aucun cas ils ne traiteront les donn\u00e9es pour leurs propres besoins. Vous pouvez nous demander la liste compl\u00e8te des entreprises qui peuvent avoir acc\u00e8s \u00e0 vos donn\u00e9es en tant que responsables du traitement \u00e0 l&rsquo;adresse <a href=\"mailto:privacy@vibia.com\">privacy@vibia.com<\/a>.<\/p>\n<p>Si l&rsquo;un de nos fournisseurs de services traite des donn\u00e9es personnelles dans un pays tiers, notre entreprise appliquera toutes les mesures et tous les contr\u00f4les dont elle dispose afin de prot\u00e9ger vos donn\u00e9es personnelles. Les principales mesures prises par notre soci\u00e9t\u00e9 lorsqu&rsquo;un transfert international de donn\u00e9es personnelles a lieu sont la signature de clauses contractuelles types approuv\u00e9es par la Commission europ\u00e9enne, le respect des accords internationaux, tels que le \u00ab\u00a0Privacy Shield\u00a0\u00bb, et la demande de certifications ou de codes de conduite approuv\u00e9s et reconnus. Vous pouvez demander la liste des fournisseurs qui traitent des donn\u00e9es dans un pays tiers \u00e0 <a href=\"mailto:privacy@vibia.com\">privacy@vibia.com<\/a><\/p>\n<p>Vous trouverez ci-dessous une liste des cat\u00e9gories de fournisseurs qui peuvent avoir acc\u00e8s \u00e0 vos donn\u00e9es du fait de la prestation de leur service :<\/p>\n<ul>\n<li>&#8211; Envoi de courriels<\/li>\n<li>&#8211; H\u00e9bergement<\/li>\n<li>&#8211; Plateformes publicitaires<\/li>\n<\/ul>\n<\/div><\/div><style type=\"text\/css\">.fusion-body .fusion-builder-column-4{width:66.666666666667% !important;margin-top : 20px;margin-bottom : 20px;}.fusion-builder-column-4 > .fusion-column-wrapper {padding-top : 0px !important;padding-right : 0px !important;margin-right : 2.88%;padding-bottom : 0px !important;padding-left : 0px !important;margin-left : 2.88%;}@media only screen and (max-width:1024px) {.fusion-body .fusion-builder-column-4{width:100% !important;}.fusion-builder-column-4 > .fusion-column-wrapper {margin-right : 1.92%;margin-left : 1.92%;}}@media only screen and (max-width:768px) {.fusion-body .fusion-builder-column-4{width:100% !important;}.fusion-builder-column-4 > .fusion-column-wrapper {margin-right : 1.92%;margin-left : 1.92%;}}<\/style><\/div><div class=\"fusion-layout-column fusion_builder_column fusion-builder-column-5 fusion_builder_column_2_3 2_3 fusion-flex-column\"><div class=\"fusion-column-wrapper fusion-flex-justify-content-flex-start fusion-content-layout-column\" style=\"background-position:left top;background-repeat:no-repeat;-webkit-background-size:cover;-moz-background-size:cover;-o-background-size:cover;background-size:cover;padding: 0px 0px 0px 0px;\"><div class=\"fusion-menu-anchor\" id=\"rights\"><\/div><div class=\"fusion-text fusion-text-5\"><h2>Droits :<\/h2>\n<p>La l\u00e9gislation en vigueur vous accorde les droits suivants :<\/p>\n<ul>\n<li><strong>&#8211; Droit d&rsquo;acc\u00e8s :<\/strong> Vous avez le droit de conna\u00eetre les donn\u00e9es personnelles que nous traitons \u00e0 votre sujet.<\/li>\n<li><strong>&#8211; Droit de rectification :<\/strong> Vous avez le droit de rectifier ou de compl\u00e9ter les donn\u00e9es inexactes ou incompl\u00e8tes.<\/li>\n<li><strong>&#8211; Droit de suppression :<\/strong> Vous pouvez demander que vos donn\u00e9es personnelles soient supprim\u00e9es de nos syst\u00e8mes et fichiers.<\/li>\n<li><strong>&#8211; Droit d&rsquo;opposition :<\/strong> Vous pouvez vous opposer au traitement de vos donn\u00e9es dans le cadre d&rsquo;actions de marketing direct. Ainsi que pour des raisons personnelles, \u00e0 moins que la base du traitement ne soit l&rsquo;int\u00e9r\u00eat l\u00e9gitime.<\/li>\n<li><strong>&#8211; Droit de limitation du traitement :<\/strong> Vous pouvez demander la limitation du traitement si vous en contestez l\u2019exactitude ou s\u2019il est ill\u00e9gal et que vous vous opposez \u00e0 la suppression de vos donn\u00e9es personnelles et demandez plut\u00f4t la limitation de leur utilisation. De m\u00eame lorsque les donn\u00e9es ne sont plus n\u00e9cessaires au traitement, mais que vous en avez besoin pour la formulation, l&rsquo;exercice ou la d\u00e9fense de vos droits. Enfin, apr\u00e8s opposition au traitement, pendant la v\u00e9rification que l&rsquo;int\u00e9r\u00eat l\u00e9gitime du responsable du traitement l&#8217;emporte sur celui de la personne concern\u00e9e.<\/li>\n<li><strong>&#8211; Droit \u00e0 la portabilit\u00e9 de vos donn\u00e9es :<\/strong> Vous avez le droit d&rsquo;obtenir une copie de toutes les donn\u00e9es que vous nous avez fournies et, lorsque cela est techniquement possible, vous avez le droit de demander que vos donn\u00e9es personnelles soient communiqu\u00e9es \u00e0 un autre responsable du traitement.<\/li>\n<\/ul>\n<p>Vous pouvez exercer ces droits gratuitement, ainsi que retirer \u00e0 tout moment le consentement donn\u00e9, en contactant notre entreprise par l&rsquo;un des moyens suivants et en joignant une copie de votre carte d&rsquo;identit\u00e9 nationale ou document \u00e9quivalent prouvant votre identit\u00e9 :<\/p>\n<ol>\n<li>Par le biais d&rsquo;un courriel qui doit \u00eatre adress\u00e9 \u00e0 <a href=\"mailto:privacy@vibia.com\">privacy@vibia.com<\/a><\/li>\n<li>Par courrier postal adress\u00e9 au Comit\u00e9 de Protecci\u00f3n de Datos y Seguridad de la informaci\u00f3n (\u201cCommission de la protection des donn\u00e9es et de la s\u00e9curit\u00e9 de l&rsquo;information\u201d) de VIBIA LIGHTING, S.L., domicili\u00e9 C\/ Progr\u00e9s 4-6, 08850, Gav\u00e0, (Barcelone).<\/li>\n<\/ol>\n<p>Si vous avez besoin de nous faire part d&rsquo;une question ou d&rsquo;une suggestion concernant le traitement de vos donn\u00e9es personnelles, vous pouvez \u00e9galement vous adresser aux adresses pr\u00e9vues pour l&rsquo;exercice de vos droits.<\/p>\n<p>Vous avez \u00e9galement le droit de d\u00e9poser une r\u00e9clamation aupr\u00e8s de l&rsquo;Agence espagnole de protection des donn\u00e9es (AEPD), l&rsquo;autorit\u00e9 comp\u00e9tente en mati\u00e8re de protection des donn\u00e9es en Espagne, si vous estimez que vos donn\u00e9es n&rsquo;ont pas \u00e9t\u00e9 trait\u00e9es correctement.<\/p>\n<\/div><\/div><style type=\"text\/css\">.fusion-body .fusion-builder-column-5{width:66.666666666667% !important;margin-top : 20px;margin-bottom : 20px;}.fusion-builder-column-5 > .fusion-column-wrapper {padding-top : 0px !important;padding-right : 0px !important;margin-right : 2.88%;padding-bottom : 0px !important;padding-left : 0px !important;margin-left : 2.88%;}@media only screen and (max-width:1024px) {.fusion-body .fusion-builder-column-5{width:100% !important;}.fusion-builder-column-5 > .fusion-column-wrapper {margin-right : 1.92%;margin-left : 1.92%;}}@media only screen and (max-width:768px) {.fusion-body .fusion-builder-column-5{width:100% !important;}.fusion-builder-column-5 > .fusion-column-wrapper {margin-right : 1.92%;margin-left : 1.92%;}}<\/style><\/div><div class=\"fusion-layout-column fusion_builder_column fusion-builder-column-6 fusion_builder_column_2_3 2_3 fusion-flex-column\"><div class=\"fusion-column-wrapper fusion-flex-justify-content-flex-start fusion-content-layout-column\" style=\"background-position:left top;background-repeat:no-repeat;-webkit-background-size:cover;-moz-background-size:cover;-o-background-size:cover;background-size:cover;padding: 0px 0px 0px 0px;\"><div class=\"fusion-menu-anchor\" id=\"source\"><\/div><div class=\"fusion-text fusion-text-6\"><h2>Provenance des donn\u00e9es :<\/h2>\n<p>Veuillez noter que si vous vous inscrivez en utilisant l&rsquo;option \u00a0\u00bb Inscription sociale \u00ab\u00a0, les donn\u00e9es n\u00e9cessaires \u00e0 l&rsquo;ex\u00e9cution du traitement seront obtenues aupr\u00e8s d&rsquo;une autre entreprise. Selon la m\u00e9thode d&rsquo;inscription choisie, vos donn\u00e9es auront \u00e9t\u00e9 fournies par l&rsquo;une des soci\u00e9t\u00e9s suivantes :<\/p>\n<ul>\n<li>&#8211; Facebook Ireland, Ltd. (Facebook)<\/li>\n<li>&#8211; Linkedin Ireland Unlimited Company (Linkedin)<\/li>\n<\/ul>\n<p>Cat\u00e9gories de donn\u00e9es :<\/p>\n<ul>\n<li>&#8211; Donn\u00e9es d&rsquo;identification<\/li>\n<li>&#8211; Coordonn\u00e9es de contact<\/li>\n<\/ul>\n<p>Aucune donn\u00e9e sp\u00e9cialement prot\u00e9g\u00e9e ne sera trait\u00e9e.<\/p>\n<\/div><\/div><style type=\"text\/css\">.fusion-body .fusion-builder-column-6{width:66.666666666667% !important;margin-top : 20px;margin-bottom : 20px;}.fusion-builder-column-6 > .fusion-column-wrapper {padding-top : 0px !important;padding-right : 0px !important;margin-right : 2.88%;padding-bottom : 0px !important;padding-left : 0px !important;margin-left : 2.88%;}@media only screen and (max-width:1024px) {.fusion-body .fusion-builder-column-6{width:100% !important;}.fusion-builder-column-6 > .fusion-column-wrapper {margin-right : 1.92%;margin-left : 1.92%;}}@media only screen and (max-width:768px) {.fusion-body .fusion-builder-column-6{width:100% !important;}.fusion-builder-column-6 > .fusion-column-wrapper {margin-right : 1.92%;margin-left : 1.92%;}}<\/style><\/div><div class=\"fusion-layout-column fusion_builder_column fusion-builder-column-7 fusion_builder_column_2_3 2_3 fusion-flex-column\"><div class=\"fusion-column-wrapper fusion-flex-justify-content-flex-start fusion-content-layout-column\" style=\"background-position:left top;background-repeat:no-repeat;-webkit-background-size:cover;-moz-background-size:cover;-o-background-size:cover;background-size:cover;padding: 0px 0px 0px 0px;\"><div class=\"fusion-menu-anchor\" id=\"info\"><\/div><div class=\"fusion-text fusion-text-7\"><h2>Confidentialit\u00e9 et s\u00e9curit\u00e9 du traitement des donn\u00e9es<\/h2>\n<p>Les donn\u00e9es re\u00e7ues par notre soci\u00e9t\u00e9 seront trait\u00e9es avec la plus grande prudence et en toute confidentialit\u00e9. Notre entreprise a mis en place tous les moyens techniques et organisationnels \u00e0 sa disposition pour \u00e9viter la perte, la mauvaise utilisation, le d\u00e9tournement, l&rsquo;acc\u00e8s non autoris\u00e9 ou la copie des donn\u00e9es fournies.<\/p>\n<\/div><\/div><style type=\"text\/css\">.fusion-body .fusion-builder-column-7{width:66.666666666667% !important;margin-top : 20px;margin-bottom : 20px;}.fusion-builder-column-7 > .fusion-column-wrapper {padding-top : 0px !important;padding-right : 0px !important;margin-right : 3.84%;padding-bottom : 0px !important;padding-left : 0px !important;margin-left : 2.88%;}@media only screen and (max-width:1024px) {.fusion-body .fusion-builder-column-7{width:100% !important;}.fusion-builder-column-7 > .fusion-column-wrapper {margin-right : 1.92%;margin-left : 1.92%;}}@media only screen and (max-width:768px) {.fusion-body .fusion-builder-column-7{width:100% !important;}.fusion-builder-column-7 > .fusion-column-wrapper {margin-right : 1.92%;margin-left : 1.92%;}}<\/style><\/div><\/div><style type=\"text\/css\">.fusion-body .fusion-flex-container.fusion-builder-row-1{ padding-top : 0px;margin-top : 0px;padding-right : 30px;padding-bottom : 60px;margin-bottom : 0px;padding-left : 30px;}<\/style><\/div>\n","protected":false},"excerpt":{"rendered":"","protected":false},"author":277279,"featured_media":0,"parent":0,"menu_order":0,"comment_status":"closed","ping_status":"closed","template":"","meta":[],"acf":[],"_links":{"self":[{"href":"https:\/\/vibiatest.com\/fr\/wp-json\/wp\/v2\/pages\/211956"}],"collection":[{"href":"https:\/\/vibiatest.com\/fr\/wp-json\/wp\/v2\/pages"}],"about":[{"href":"https:\/\/vibiatest.com\/fr\/wp-json\/wp\/v2\/types\/page"}],"author":[{"embeddable":true,"href":"https:\/\/vibiatest.com\/fr\/wp-json\/wp\/v2\/users\/277279"}],"replies":[{"embeddable":true,"href":"https:\/\/vibiatest.com\/fr\/wp-json\/wp\/v2\/comments?post=211956"}],"version-history":[{"count":12,"href":"https:\/\/vibiatest.com\/fr\/wp-json\/wp\/v2\/pages\/211956\/revisions"}],"predecessor-version":[{"id":233101,"href":"https:\/\/vibiatest.com\/fr\/wp-json\/wp\/v2\/pages\/211956\/revisions\/233101"}],"wp:attachment":[{"href":"https:\/\/vibiatest.com\/fr\/wp-json\/wp\/v2\/media?parent=211956"}],"curies":[{"name":"wp","href":"https:\/\/api.w.org\/{rel}","templated":true}]}}