{"id":208919,"date":"2018-01-29T12:44:45","date_gmt":"2018-01-29T11:44:45","guid":{"rendered":"https:\/\/www.vibia.com\/?page_id=208919"},"modified":"2021-08-10T18:32:23","modified_gmt":"2021-08-10T17:32:23","slug":"aviso-legal","status":"publish","type":"page","link":"https:\/\/vibiatest.com\/es\/aviso-legal\/","title":{"rendered":"Aviso Legal"},"content":{"rendered":"<div class=\"fusion-fullwidth fullwidth-box fusion-builder-row-1 fusion-flex-container about-w10 perfil-salmo legal-page nonhundred-percent-fullwidth non-hundred-percent-height-scrolling\" style=\"background-color: #ffffff;background-position: center center;background-repeat: no-repeat;border-width: 0px 0px 0px 0px;border-color:#ffffff;border-style:solid;\" ><div class=\"fusion-builder-row fusion-row fusion-flex-align-items-flex-start\" style=\"max-width:1838.72px;margin-left: calc(-4% \/ 2 );margin-right: calc(-4% \/ 2 );\"><div class=\"fusion-layout-column fusion_builder_column fusion-builder-column-0 fusion_builder_column_2_3 2_3 fusion-flex-column\"><div class=\"fusion-column-wrapper fusion-flex-justify-content-flex-start fusion-content-layout-column\" style=\"background-position:left top;background-repeat:no-repeat;-webkit-background-size:cover;-moz-background-size:cover;-o-background-size:cover;background-size:cover;padding: 0px 0px 0px 0px;\"><div class=\"fusion-text fusion-text-1\"><h1>AVISO LEGAL<\/h1>\n<p>&nbsp;<\/p>\n<p>En cumplimiento con el deber de informaci\u00f3n recogido en art\u00edculo 10 de la Ley 34\/2002, de 11 de julio, de Servicios de la Sociedad de la Informaci\u00f3n y del Comercio Electr\u00f3nico (LSSICE), el propietario de la web , le informa de lo siguiente:<\/p>\n<ul>\n<li>&#8211; Denominaci\u00f3n social: Vibia Lighting, S.L.U.<\/li>\n<li>&#8211; NIF: B66241035<\/li>\n<li>&#8211; Domicilio: Calle Progr\u00e9s 4 &#8211; 6, 08850 &#8211; Gav\u00e1 (Barcelona)<\/li>\n<\/ul>\n<p>Inscrita en el Registro Mercantil de Barcelona al Tomo 4412, folio 202, secci\u00f3n , hoja n\u00famero B-449764, inscripci\u00f3n 1.<\/p>\n<p>Con los l\u00edmites establecidos en la ley, Vibia Lighting, S.L.U. no asume ninguna responsabilidad derivada de la falta de veracidad, integridad, actualizaci\u00f3n y precisi\u00f3n de los datos o informaciones que contienen sus p\u00e1ginas web.<\/p>\n<p>Los contenidos e informaci\u00f3n no vinculan a Vibia Lighting, S.L.U. ni constituyen opiniones, consejos o asesoramiento legal de ning\u00fan tipo pues se trata meramente de un servicio ofrecido con car\u00e1cter informativo y divulgativo.<\/p>\n<p>Las p\u00e1ginas de Internet de Vibia Lighting, S.L.U. pueden contener enlaces (links) a otras p\u00e1ginas de terceras partes que Vibia Lighting, S.L.U. no puede controlar.<\/p>\n<p>Por lo tanto, Vibia Lighting, S.L.U. no puede asumir responsabilidades por el contenido que pueda aparecer en p\u00e1ginas de terceros.<\/p>\n<p>Los textos, im\u00e1genes, sonidos, animaciones, software y el resto de contenidos incluidos en este website son propiedad exclusiva de Vibia Lighting, S.L.U. o sus licenciantes. Cualquier acto de transmisi\u00f3n, distribuci\u00f3n, cesi\u00f3n, reproducci\u00f3n, almacenamiento o comunicaci\u00f3n p\u00fablica total o parcial, deber\u00e1 contar con el consentimiento expreso de Vibia Lighting, S.L.U.<\/p>\n<p>Asimismo, para acceder a algunos de los servicios que Vibia Lighting, S.L.U. ofrece a trav\u00e9s del sitio web, deber\u00e1 proporcionar algunos datos de car\u00e1cter personal. En cumplimiento de lo establecido en el Reglamento (UE) 2016\/679 del Parlamento Europeo y del Consejo, de 27 de abril de 2016, relativo a la protecci\u00f3n de las personas f\u00edsicas en lo que respecta al tratamiento de datos personales y a la libre circulaci\u00f3n de estos datos le informamos que, mediante la cumplimentaci\u00f3n de los presentes formularios, sus datos personales quedar\u00e1n incorporados y ser\u00e1n tratados en los ficheros de Vibia Lighting, S.L.U. con el fin de poderle prestar y ofrecer nuestros servicios as\u00ed como para informarle de las mejoras del sitio Web.<\/p>\n<p>Le informamos tambi\u00e9n de que tendr\u00e1 la posibilidad en todo momento de ejercer los derechos de acceso, rectificaci\u00f3n, cancelaci\u00f3n, oposici\u00f3n, limitaci\u00f3n y portabilidad de sus datos de car\u00e1cter personal, de manera gratuita mediante email a: <a href=\"mailto:privacy@vibia.com\">privacy@vibia.com<\/a> o en la direcci\u00f3n: Calle Progr\u00e9s 4 &#8211; 6, 08850 &#8211; Gav\u00e1 (Barcelona).<\/p>\n<\/div><\/div><style type=\"text\/css\">.fusion-body .fusion-builder-column-0{width:66.666666666667% !important;margin-top : 0px;margin-bottom : 0px;}.fusion-builder-column-0 > .fusion-column-wrapper {padding-top : 0px !important;padding-right : 0px !important;margin-right : 3.84%;padding-bottom : 0px !important;padding-left : 0px !important;margin-left : 2.88%;}@media only screen and (max-width:1024px) {.fusion-body .fusion-builder-column-0{width:100% !important;}.fusion-builder-column-0 > .fusion-column-wrapper {margin-right : 1.92%;margin-left : 1.92%;}}@media only screen and (max-width:768px) {.fusion-body .fusion-builder-column-0{width:100% !important;}.fusion-builder-column-0 > .fusion-column-wrapper {margin-right : 1.92%;margin-left : 1.92%;}}<\/style><\/div><\/div><style type=\"text\/css\">.fusion-body .fusion-flex-container.fusion-builder-row-1{ padding-top : 0px;margin-top : 0px;padding-right : 30px;padding-bottom : 60px;margin-bottom : 0px;padding-left : 30px;}<\/style><\/div>\n","protected":false},"excerpt":{"rendered":"","protected":false},"author":277279,"featured_media":0,"parent":0,"menu_order":0,"comment_status":"closed","ping_status":"closed","template":"","meta":[],"acf":[],"_links":{"self":[{"href":"https:\/\/vibiatest.com\/es\/wp-json\/wp\/v2\/pages\/208919"}],"collection":[{"href":"https:\/\/vibiatest.com\/es\/wp-json\/wp\/v2\/pages"}],"about":[{"href":"https:\/\/vibiatest.com\/es\/wp-json\/wp\/v2\/types\/page"}],"author":[{"embeddable":true,"href":"https:\/\/vibiatest.com\/es\/wp-json\/wp\/v2\/users\/277279"}],"replies":[{"embeddable":true,"href":"https:\/\/vibiatest.com\/es\/wp-json\/wp\/v2\/comments?post=208919"}],"version-history":[{"count":27,"href":"https:\/\/vibiatest.com\/es\/wp-json\/wp\/v2\/pages\/208919\/revisions"}],"predecessor-version":[{"id":257046,"href":"https:\/\/vibiatest.com\/es\/wp-json\/wp\/v2\/pages\/208919\/revisions\/257046"}],"wp:attachment":[{"href":"https:\/\/vibiatest.com\/es\/wp-json\/wp\/v2\/media?parent=208919"}],"curies":[{"name":"wp","href":"https:\/\/api.w.org\/{rel}","templated":true}]}}